{"id":515,"date":"2023-11-17T21:15:20","date_gmt":"2023-11-17T20:15:20","guid":{"rendered":"http:\/\/davadie.bzh\/?page_id=515"},"modified":"2023-12-09T19:53:43","modified_gmt":"2023-12-09T18:53:43","slug":"interventions","status":"publish","type":"page","link":"https:\/\/davadie.bzh\/index.php\/interventions\/","title":{"rendered":"Colloques et congr\u00e8s"},"content":{"rendered":"<p style=\"text-align: justify;\">Mes participations aux colloques et congr\u00e8s :<\/p>\n<p style=\"text-align: justify;\"><span style=\"text-decoration: underline;\"><strong>2023<\/strong><\/span><\/p>\n<p style=\"text-align: justify;\"><a href=\"https:\/\/www.linkedin.com\/company\/international-association-of-forensic-sciences\/\">IAFS<\/a> \u00e0 Sydney o\u00f9 j&rsquo;ai abord\u00e9 la question du management, \u00e9l\u00e9ment de r\u00e9solution de la crise de la science forensique. La pr\u00e9sentation est disponible via ce lien : \u00a0<a href=\"https:\/\/davadie.bzh\/wp-content\/uploads\/2023\/11\/IAFSManagementFSc.pdf\">IAFSManagementFSc<\/a><\/p>\n<p style=\"text-align: justify;\">A la <a href=\"https:\/\/www.gendarmerie.interieur.gouv.fr\/crgn\/arg-colloques\/colloques\/colloques-2023\/journee-des-chercheurs-de-la-gendarmerie-nationale\">journ\u00e9e des chercheurs de la Gendarmerie<\/a> sur le th\u00e8me : <em>le continuum de s\u00e9curit\u00e9, une hypocrisie organisationnelle ?<\/em><\/p>\n<p style=\"text-align: justify;\"><span style=\"text-decoration: underline;\"><strong>2022<\/strong><\/span><\/p>\n<p style=\"text-align: justify;\">Au colloque de l&rsquo;<a href=\"https:\/\/ifbae.com\/\">IFBAE<\/a> \u00e0 Rennes, sur le th\u00e8me : <em>Quand l&rsquo;incertain touche aux fronti\u00e8res de la mort. L&rsquo;IRCGN et l&rsquo;identification des victimes de catastrophe<\/em>. La pr\u00e9sentation est accessible via : <a href=\"https:\/\/davadie.bzh\/wp-content\/uploads\/2023\/12\/IFBAEPresentation.pdf\">IFBAEPresentation<\/a><\/p>\n<p style=\"text-align: justify;\"><span style=\"text-decoration: underline;\"><strong>2021<\/strong><\/span><\/p>\n<p style=\"text-align: justify;\" align=\"left\">A la journ\u00e9e d&rsquo;\u00e9tudes organis\u00e9e par l&rsquo;<a href=\"https:\/\/ipc-paris.fr\/\">IPC<\/a> et consacr\u00e9e \u00e0 la question de la subsidiarit\u00e9 en entreprise, sur le th\u00e8me <em>Subsidiarit\u00e9 et l\u00e9gitimit\u00e9, le cas des directeurs s\u00fbret\u00e9 d&rsquo;entreprise<\/em>. Si vous voulez voir la pr\u00e9sentation utilis\u00e9e, c&rsquo;est par ici : <a href=\"https:\/\/davadie.bzh\/wp-content\/uploads\/2023\/12\/SubsidiariteLegitimite.pdf\">Subsidiarit\u00e9Legitimite<\/a><\/p>\n<p style=\"text-align: justify;\" align=\"left\">Au colloque territoire(s) et s\u00e9curit\u00e9 organis\u00e9 par l&rsquo;<a href=\"https:\/\/www.univ-gustave-eiffel.fr\/\">universit\u00e9 Gustave Eiffel<\/a>, j&rsquo;ai abord\u00e9 la question : <em>l&rsquo;entreprise, acteur de la s\u00e9curit\u00e9 des territoires ?<\/em> La pr\u00e9sentation est t\u00e9l\u00e9chargeable via le lien : <a href=\"https:\/\/davadie.bzh\/wp-content\/uploads\/2023\/12\/SecuriteTerritoires.pdf\">SecuriteTerritoires<\/a><\/p>\n","protected":false},"excerpt":{"rendered":"<p>Mes participations aux colloques et congr\u00e8s : 2023 IAFS \u00e0 Sydney o\u00f9 j&rsquo;ai abord\u00e9 la question du management, \u00e9l\u00e9ment de<\/p>\n","protected":false},"author":1,"featured_media":0,"parent":0,"menu_order":0,"comment_status":"closed","ping_status":"closed","template":"","meta":{"colormag_page_container_layout":"default_layout","colormag_page_sidebar_layout":"default_layout","footnotes":""},"folder":[],"class_list":["post-515","page","type-page","status-publish","hentry"],"_links":{"self":[{"href":"https:\/\/davadie.bzh\/index.php\/wp-json\/wp\/v2\/pages\/515","targetHints":{"allow":["GET"]}}],"collection":[{"href":"https:\/\/davadie.bzh\/index.php\/wp-json\/wp\/v2\/pages"}],"about":[{"href":"https:\/\/davadie.bzh\/index.php\/wp-json\/wp\/v2\/types\/page"}],"author":[{"embeddable":true,"href":"https:\/\/davadie.bzh\/index.php\/wp-json\/wp\/v2\/users\/1"}],"replies":[{"embeddable":true,"href":"https:\/\/davadie.bzh\/index.php\/wp-json\/wp\/v2\/comments?post=515"}],"version-history":[{"count":12,"href":"https:\/\/davadie.bzh\/index.php\/wp-json\/wp\/v2\/pages\/515\/revisions"}],"predecessor-version":[{"id":555,"href":"https:\/\/davadie.bzh\/index.php\/wp-json\/wp\/v2\/pages\/515\/revisions\/555"}],"wp:attachment":[{"href":"https:\/\/davadie.bzh\/index.php\/wp-json\/wp\/v2\/media?parent=515"}],"wp:term":[{"taxonomy":"folder","embeddable":true,"href":"https:\/\/davadie.bzh\/index.php\/wp-json\/wp\/v2\/folder?post=515"}],"curies":[{"name":"wp","href":"https:\/\/api.w.org\/{rel}","templated":true}]}}