{"id":507,"date":"2023-11-15T21:07:35","date_gmt":"2023-11-15T20:07:35","guid":{"rendered":"http:\/\/davadie.bzh\/?page_id=507"},"modified":"2024-07-02T16:03:29","modified_gmt":"2024-07-02T14:03:29","slug":"recherches","status":"publish","type":"page","link":"https:\/\/davadie.bzh\/index.php\/recherches\/","title":{"rendered":"Recherches"},"content":{"rendered":"<p style=\"text-align: justify;\">Ma recherche principale concerne le <em>management de la s\u00e9curit\u00e9<\/em>, champ de recherche nouveau et qui se d\u00e9veloppe. Cela comprend les terrains de recherche dits sensibles (une publication est en cours), les situations de gestion particuli\u00e8res, ainsi que des missions et m\u00e9tiers dont celui de directeur s\u00fbret\u00e9 (cf. ma th\u00e8se disponible via ce <a href=\"https:\/\/davadie.bzh\/index.php\/2020\/12\/10\/les-documents-de-la-these\/\">lien<\/a>).<\/p>\n<p style=\"text-align: justify;\">Je m\u00e8ne actuellement une recherche sur le th\u00e8me du <em>management<\/em>, sujet r\u00e9curent de recherche. Pourquoi ? Parce que la plupart des communications relatives au management expliquent comment un (bon) manager a (bien) manag\u00e9 ses \u00e9quipes. L&rsquo;objet de cette recherche est d&rsquo;avoir l&rsquo;avis des personnes manag\u00e9es. Toutes les participations (qui ne prennent pas plus de deux minutes) sont les bienvenues ! Pour cela, rien de plus simple, il suffit de m&rsquo;adresser un courriel (philippe[chez]davadie.bzh en r\u00e9pondant aux 5 questions suivantes :<\/p>\n<p><span class=\"break-words \"><span dir=\"ltr\">1 Combien de managers diff\u00e9rents vous ont dirig\u00e9 jusqu&rsquo;\u00e0 pr\u00e9sent ?<br \/>\n2 Parmi eux, combien \u00e9taient bons, m\u00e9diocres, mauvais ?<br \/>\n3 Quelles sont les caract\u00e9ristiques des managers que vous avez estim\u00e9s bons ?<br \/>\n4 Quelles sont les caract\u00e9ristiques des managers que vous avez estim\u00e9s mauvais ?<br \/>\n5 Qu&rsquo;attendez-vous maintenant d&rsquo;un manager ?<br \/>\n&#8211; Vous pouvez \u00e9galement pr\u00e9ciser si votre exp\u00e9rience a (eu) lieu dans le priv\u00e9, la fonction publique civile ou la fonction publique militaire.<br \/>\n&#8211; Comme vous le voyez, le courriel \u00e0 m&rsquo;envoyer peut \u00eatre tr\u00e8s court : Q1 : 1 chiffre, Q2 : 3 chiffres, Q3 et Q4 : 3 mots chacune, Q5 : 3 phrases.<br \/>\n<strong>Je garantis l&rsquo;anonymat dans la pr\u00e9sentation des r\u00e9sultats<\/strong>.<br \/>\n<\/span><\/span><\/p>\n<p><img loading=\"lazy\" decoding=\"async\" class=\"aligncenter size-large\" src=\"https:\/\/lifexchangesolutions.com\/wp-content\/uploads\/2019\/12\/What-is-Management.jpg\" width=\"1334\" height=\"800\" \/><\/p>\n<p style=\"text-align: center;\"><a href=\"https:\/\/lifexchangesolutions.com\/wp-content\/uploads\/2019\/12\/What-is-Management.jpg\">Source<\/a><\/p>\n<p>&nbsp;<\/p>\n","protected":false},"excerpt":{"rendered":"<p>Ma recherche principale concerne le management de la s\u00e9curit\u00e9, champ de recherche nouveau et qui se d\u00e9veloppe. Cela comprend les<\/p>\n","protected":false},"author":1,"featured_media":0,"parent":0,"menu_order":0,"comment_status":"closed","ping_status":"closed","template":"","meta":{"colormag_page_container_layout":"default_layout","colormag_page_sidebar_layout":"default_layout","footnotes":""},"folder":[],"class_list":["post-507","page","type-page","status-publish","hentry"],"_links":{"self":[{"href":"https:\/\/davadie.bzh\/index.php\/wp-json\/wp\/v2\/pages\/507","targetHints":{"allow":["GET"]}}],"collection":[{"href":"https:\/\/davadie.bzh\/index.php\/wp-json\/wp\/v2\/pages"}],"about":[{"href":"https:\/\/davadie.bzh\/index.php\/wp-json\/wp\/v2\/types\/page"}],"author":[{"embeddable":true,"href":"https:\/\/davadie.bzh\/index.php\/wp-json\/wp\/v2\/users\/1"}],"replies":[{"embeddable":true,"href":"https:\/\/davadie.bzh\/index.php\/wp-json\/wp\/v2\/comments?post=507"}],"version-history":[{"count":6,"href":"https:\/\/davadie.bzh\/index.php\/wp-json\/wp\/v2\/pages\/507\/revisions"}],"predecessor-version":[{"id":2612,"href":"https:\/\/davadie.bzh\/index.php\/wp-json\/wp\/v2\/pages\/507\/revisions\/2612"}],"wp:attachment":[{"href":"https:\/\/davadie.bzh\/index.php\/wp-json\/wp\/v2\/media?parent=507"}],"wp:term":[{"taxonomy":"folder","embeddable":true,"href":"https:\/\/davadie.bzh\/index.php\/wp-json\/wp\/v2\/folder?post=507"}],"curies":[{"name":"wp","href":"https:\/\/api.w.org\/{rel}","templated":true}]}}